{"id":4849,"date":"2023-02-21T14:54:05","date_gmt":"2023-02-21T13:54:05","guid":{"rendered":"https:\/\/maybay.h-wd.fr\/?page_id=4849"},"modified":"2025-09-29T09:46:57","modified_gmt":"2025-09-29T07:46:57","slug":"avis-client","status":"publish","type":"page","link":"https:\/\/maybayrestaurant.com\/en\/customer-advice","title":{"rendered":"Customer reviews"},"content":{"rendered":"<div data-elementor-type=\"wp-page\" data-elementor-id=\"4849\" class=\"elementor elementor-4849\">\n\t\t\t\t\t\t<section class=\"elementor-section elementor-top-section elementor-element elementor-element-36a6eaa1 elementor-section-full_width elementor-section-stretched elementor-section-height-default elementor-section-height-default\" data-id=\"36a6eaa1\" data-element_type=\"section\" data-settings=\"{&quot;stretch_section&quot;:&quot;section-stretched&quot;,&quot;background_background&quot;:&quot;slideshow&quot;,&quot;background_slideshow_gallery&quot;:[{&quot;id&quot;:7254,&quot;url&quot;:&quot;https:\\\/\\\/maybayrestaurant.com\\\/wp-content\\\/uploads\\\/3-plat-3.jpg&quot;},{&quot;id&quot;:7253,&quot;url&quot;:&quot;https:\\\/\\\/maybayrestaurant.com\\\/wp-content\\\/uploads\\\/3-plat-2.jpg&quot;},{&quot;id&quot;:7247,&quot;url&quot;:&quot;https:\\\/\\\/maybayrestaurant.com\\\/wp-content\\\/uploads\\\/2-dessert-2.jpg&quot;}],&quot;background_slideshow_loop&quot;:&quot;yes&quot;,&quot;background_slideshow_slide_duration&quot;:5000,&quot;background_slideshow_slide_transition&quot;:&quot;fade&quot;,&quot;background_slideshow_transition_duration&quot;:500,&quot;grandrestaurant_ext_is_background_parallax&quot;:&quot;false&quot;,&quot;grandrestaurant_ext_is_background_backdrop&quot;:&quot;false&quot;,&quot;grandrestaurant_ext_is_background_on_scroll&quot;:&quot;false&quot;}\">\n\t\t\t\t\t\t\t<div class=\"elementor-background-overlay\"><\/div>\n\t\t\t\t\t\t\t<div class=\"elementor-container elementor-column-gap-default\">\n\t\t\t\t\t<div class=\"elementor-column elementor-col-100 elementor-top-column elementor-element elementor-element-29ae8445\" data-id=\"29ae8445\" data-element_type=\"column\" data-settings=\"{&quot;grandrestaurant_ext_link_reservation&quot;:&quot;false&quot;,&quot;grandrestaurant_ext_link_sidemenu&quot;:&quot;false&quot;,&quot;grandrestaurant_ext_link_fullmenu&quot;:&quot;false&quot;,&quot;grandrestaurant_ext_link_closed_fullmenu&quot;:&quot;false&quot;,&quot;grandrestaurant_ext_is_scrollme&quot;:&quot;false&quot;,&quot;grandrestaurant_ext_is_smoove&quot;:&quot;false&quot;,&quot;grandrestaurant_ext_is_parallax_mouse&quot;:&quot;false&quot;,&quot;grandrestaurant_ext_is_infinite&quot;:&quot;false&quot;,&quot;grandrestaurant_ext_is_fadeout_animation&quot;:&quot;false&quot;,&quot;grandrestaurant_ext_mobile_static&quot;:&quot;false&quot;}\">\n\t\t\t<div class=\"elementor-widget-wrap elementor-element-populated\">\n\t\t\t\t\t\t<div class=\"elementor-element elementor-element-107c81c6 elementor-widget__width-inherit elementor-widget elementor-widget-grandrestaurant-animated-text\" data-id=\"107c81c6\" data-element_type=\"widget\" data-settings=\"{&quot;grandrestaurant_ext_is_fadeout_animation&quot;:&quot;true&quot;,&quot;grandrestaurant_ext_is_fadeout_animation_velocity&quot;:{&quot;unit&quot;:&quot;px&quot;,&quot;size&quot;:0.3,&quot;sizes&quot;:[]},&quot;grandrestaurant_ext_link_reservation&quot;:&quot;false&quot;,&quot;grandrestaurant_ext_link_sidemenu&quot;:&quot;false&quot;,&quot;grandrestaurant_ext_link_fullmenu&quot;:&quot;false&quot;,&quot;grandrestaurant_ext_link_closed_fullmenu&quot;:&quot;false&quot;,&quot;grandrestaurant_ext_is_scrollme&quot;:&quot;false&quot;,&quot;grandrestaurant_ext_is_smoove&quot;:&quot;false&quot;,&quot;grandrestaurant_ext_is_parallax_mouse&quot;:&quot;false&quot;,&quot;grandrestaurant_ext_is_infinite&quot;:&quot;false&quot;,&quot;grandrestaurant_ext_is_fadeout_animation_direction&quot;:&quot;up&quot;,&quot;grandrestaurant_ext_mobile_static&quot;:&quot;false&quot;}\" data-widget_type=\"grandrestaurant-animated-text.default\">\n\t\t\t\t<div class=\"elementor-widget-container\">\n\t\t\t\t\t<div class=\"themegoods-animated-text text-alignment-center transition-right overflow-visible\" data-delimiter=\"sentence\" data-transition=\"100\" data-transition-delay=\"0\" data-transition-duration=\"800\">\n\t\t<h2>\n\t\tVegan vegetarian restaurant in Vincennes\t<\/h2>\n\t<\/div>\t\t\t\t<\/div>\n\t\t\t\t<\/div>\n\t\t\t\t<div class=\"elementor-element elementor-element-250c17b4 elementor-widget elementor-widget-grandrestaurant-animated-text\" data-id=\"250c17b4\" data-element_type=\"widget\" data-settings=\"{&quot;grandrestaurant_ext_is_fadeout_animation&quot;:&quot;true&quot;,&quot;grandrestaurant_ext_is_fadeout_animation_velocity&quot;:{&quot;unit&quot;:&quot;px&quot;,&quot;size&quot;:0.2,&quot;sizes&quot;:[]},&quot;grandrestaurant_ext_link_reservation&quot;:&quot;false&quot;,&quot;grandrestaurant_ext_link_sidemenu&quot;:&quot;false&quot;,&quot;grandrestaurant_ext_link_fullmenu&quot;:&quot;false&quot;,&quot;grandrestaurant_ext_link_closed_fullmenu&quot;:&quot;false&quot;,&quot;grandrestaurant_ext_is_scrollme&quot;:&quot;false&quot;,&quot;grandrestaurant_ext_is_smoove&quot;:&quot;false&quot;,&quot;grandrestaurant_ext_is_parallax_mouse&quot;:&quot;false&quot;,&quot;grandrestaurant_ext_is_infinite&quot;:&quot;false&quot;,&quot;grandrestaurant_ext_is_fadeout_animation_direction&quot;:&quot;up&quot;,&quot;grandrestaurant_ext_mobile_static&quot;:&quot;false&quot;}\" data-widget_type=\"grandrestaurant-animated-text.default\">\n\t\t\t\t<div class=\"elementor-widget-container\">\n\t\t\t\t\t<div class=\"themegoods-animated-text text-alignment-center transition-right overflow-visible\" data-delimiter=\"word\" data-transition=\"100\" data-transition-delay=\"200\" data-transition-duration=\"800\">\n\t\t<h2>\n\t\tCustomer Review\t<\/h2>\n\t<\/div>\t\t\t\t<\/div>\n\t\t\t\t<\/div>\n\t\t\t\t<div class=\"elementor-element elementor-element-5b90d18 elementor-widget elementor-widget-image\" data-id=\"5b90d18\" data-element_type=\"widget\" data-settings=\"{&quot;grandrestaurant_ext_link_reservation&quot;:&quot;false&quot;,&quot;grandrestaurant_ext_link_sidemenu&quot;:&quot;false&quot;,&quot;grandrestaurant_ext_link_fullmenu&quot;:&quot;false&quot;,&quot;grandrestaurant_ext_link_closed_fullmenu&quot;:&quot;false&quot;,&quot;grandrestaurant_ext_is_scrollme&quot;:&quot;false&quot;,&quot;grandrestaurant_ext_is_smoove&quot;:&quot;false&quot;,&quot;grandrestaurant_ext_is_parallax_mouse&quot;:&quot;false&quot;,&quot;grandrestaurant_ext_is_infinite&quot;:&quot;false&quot;,&quot;grandrestaurant_ext_is_fadeout_animation&quot;:&quot;false&quot;,&quot;grandrestaurant_ext_mobile_static&quot;:&quot;false&quot;}\" data-widget_type=\"image.default\">\n\t\t\t\t<div class=\"elementor-widget-container\">\n\t\t\t\t\t\t\t\t\t\t\t\t\t\t\t<img loading=\"lazy\" decoding=\"async\" width=\"198\" height=\"198\" src=\"https:\/\/maybayrestaurant.com\/wp-content\/uploads\/tcbr_white_bf_logo_l_2025_rgb.png\" class=\"attachment-large size-large wp-image-7990\" alt=\"\" \/>\t\t\t\t\t\t\t\t\t\t\t\t\t\t\t<\/div>\n\t\t\t\t<\/div>\n\t\t\t\t\t<\/div>\n\t\t<\/div>\n\t\t\t\t\t<\/div>\n\t\t<\/section>\n\t\t\t\t<\/div>","protected":false},"excerpt":{"rendered":"<p>Vegan vegetarian restaurant in Vincennes Customer Review<\/p>","protected":false},"author":1,"featured_media":4415,"parent":0,"menu_order":0,"comment_status":"closed","ping_status":"closed","template":"","meta":{"footnotes":""},"class_list":["post-4849","page","type-page","status-publish","has-post-thumbnail","hentry"],"yoast_head":"<!-- This site is optimized with the Yoast SEO plugin v27.2 - https:\/\/yoast.com\/product\/yoast-seo-wordpress\/ -->\n<title>Avis client | M\u00e2y Bay Restaurant<\/title>\n<meta name=\"description\" content=\"Avis client commentaire May Bay Restaurant v\u00e9g\u00e9tarien vegan \u00e0 vincennes, r\u00e9server une table en direct au meilleur tarif\" \/>\n<meta name=\"robots\" content=\"index, follow, max-snippet:-1, max-image-preview:large, max-video-preview:-1\" \/>\n<link rel=\"canonical\" href=\"https:\/\/maybayrestaurant.com\/en\/customer-advice\/\" \/>\n<meta property=\"og:locale\" content=\"en_GB\" \/>\n<meta property=\"og:type\" content=\"article\" \/>\n<meta property=\"og:title\" content=\"Avis client | M\u00e2y Bay Restaurant\" \/>\n<meta property=\"og:description\" content=\"Avis client commentaire May Bay Restaurant v\u00e9g\u00e9tarien vegan \u00e0 vincennes, r\u00e9server une table en direct au meilleur tarif\" \/>\n<meta property=\"og:url\" content=\"https:\/\/maybayrestaurant.com\/en\/customer-advice\/\" \/>\n<meta property=\"og:site_name\" content=\"M\u00e2y Bay Restaurant\" \/>\n<meta property=\"article:publisher\" content=\"https:\/\/www.facebook.com\/maybayparis\" \/>\n<meta property=\"article:modified_time\" content=\"2025-09-29T07:46:57+00:00\" \/>\n<meta property=\"og:image\" content=\"https:\/\/maybayrestaurant.com\/wp-content\/uploads\/Combos-2-Printemps-2020.jpg\" \/>\n\t<meta property=\"og:image:width\" content=\"1200\" \/>\n\t<meta property=\"og:image:height\" content=\"1200\" \/>\n\t<meta property=\"og:image:type\" content=\"image\/jpeg\" \/>\n<meta name=\"twitter:card\" content=\"summary_large_image\" \/>\n<script type=\"application\/ld+json\" class=\"yoast-schema-graph\">{\"@context\":\"https:\/\/schema.org\",\"@graph\":[{\"@type\":\"WebPage\",\"@id\":\"https:\/\/maybayrestaurant.com\/avis-client\",\"url\":\"https:\/\/maybayrestaurant.com\/avis-client\",\"name\":\"Avis client | M\u00e2y Bay Restaurant\",\"isPartOf\":{\"@id\":\"https:\/\/maybayrestaurant.com\/#website\"},\"primaryImageOfPage\":{\"@id\":\"https:\/\/maybayrestaurant.com\/avis-client#primaryimage\"},\"image\":{\"@id\":\"https:\/\/maybayrestaurant.com\/avis-client#primaryimage\"},\"thumbnailUrl\":\"https:\/\/maybayrestaurant.com\/wp-content\/uploads\/Combos-2-Printemps-2020.jpg\",\"datePublished\":\"2023-02-21T13:54:05+00:00\",\"dateModified\":\"2025-09-29T07:46:57+00:00\",\"description\":\"Avis client commentaire May Bay Restaurant v\u00e9g\u00e9tarien vegan \u00e0 vincennes, r\u00e9server une table en direct au meilleur tarif\",\"breadcrumb\":{\"@id\":\"https:\/\/maybayrestaurant.com\/avis-client#breadcrumb\"},\"inLanguage\":\"en-GB\",\"potentialAction\":[{\"@type\":\"ReadAction\",\"target\":[\"https:\/\/maybayrestaurant.com\/avis-client\"]}]},{\"@type\":\"ImageObject\",\"inLanguage\":\"en-GB\",\"@id\":\"https:\/\/maybayrestaurant.com\/avis-client#primaryimage\",\"url\":\"https:\/\/maybayrestaurant.com\/wp-content\/uploads\/Combos-2-Printemps-2020.jpg\",\"contentUrl\":\"https:\/\/maybayrestaurant.com\/wp-content\/uploads\/Combos-2-Printemps-2020.jpg\",\"width\":1200,\"height\":1200},{\"@type\":\"BreadcrumbList\",\"@id\":\"https:\/\/maybayrestaurant.com\/avis-client#breadcrumb\",\"itemListElement\":[{\"@type\":\"ListItem\",\"position\":1,\"name\":\"Accueil\",\"item\":\"https:\/\/maybayrestaurant.com\/\"},{\"@type\":\"ListItem\",\"position\":2,\"name\":\"Avis client\"}]},{\"@type\":\"WebSite\",\"@id\":\"https:\/\/maybayrestaurant.com\/#website\",\"url\":\"https:\/\/maybayrestaurant.com\/\",\"name\":\"M\u00e2y Bay Restaurant\",\"description\":\"Cuisine Vietnamienne Chay \ud83c\udf31 Produits frais \u2022 Fait Maison \u2022 Vegan \u2022 V\u00e9g\u00e9tarien\",\"publisher\":{\"@id\":\"https:\/\/maybayrestaurant.com\/#organization\"},\"alternateName\":\"Restaurant Vietnamien vegan vegetarien \u00e0 Vincennes\",\"potentialAction\":[{\"@type\":\"SearchAction\",\"target\":{\"@type\":\"EntryPoint\",\"urlTemplate\":\"https:\/\/maybayrestaurant.com\/?s={search_term_string}\"},\"query-input\":{\"@type\":\"PropertyValueSpecification\",\"valueRequired\":true,\"valueName\":\"search_term_string\"}}],\"inLanguage\":\"en-GB\"},{\"@type\":\"Organization\",\"@id\":\"https:\/\/maybayrestaurant.com\/#organization\",\"name\":\"M\u00e2y Bay Restaurant\",\"url\":\"https:\/\/maybayrestaurant.com\/\",\"logo\":{\"@type\":\"ImageObject\",\"inLanguage\":\"en-GB\",\"@id\":\"https:\/\/maybayrestaurant.com\/#\/schema\/logo\/image\/\",\"url\":\"https:\/\/maybayrestaurant.com\/wp-content\/uploads\/LOGO-COULEUR-R-convertfont-2.ai_.png\",\"contentUrl\":\"https:\/\/maybayrestaurant.com\/wp-content\/uploads\/LOGO-COULEUR-R-convertfont-2.ai_.png\",\"width\":660,\"height\":601,\"caption\":\"M\u00e2y Bay Restaurant\"},\"image\":{\"@id\":\"https:\/\/maybayrestaurant.com\/#\/schema\/logo\/image\/\"},\"sameAs\":[\"https:\/\/www.facebook.com\/maybayparis\",\"https:\/\/www.instagram.com\/maybayparis\/\"]}]}<\/script>\n<!-- \/ Yoast SEO plugin. -->","yoast_head_json":{"title":"Avis client | M\u00e2y Bay Restaurant","description":"Avis client commentaire May Bay Restaurant v\u00e9g\u00e9tarien vegan \u00e0 vincennes, r\u00e9server une table en direct au meilleur tarif","robots":{"index":"index","follow":"follow","max-snippet":"max-snippet:-1","max-image-preview":"max-image-preview:large","max-video-preview":"max-video-preview:-1"},"canonical":"https:\/\/maybayrestaurant.com\/en\/customer-advice\/","og_locale":"en_GB","og_type":"article","og_title":"Avis client | M\u00e2y Bay Restaurant","og_description":"Avis client commentaire May Bay Restaurant v\u00e9g\u00e9tarien vegan \u00e0 vincennes, r\u00e9server une table en direct au meilleur tarif","og_url":"https:\/\/maybayrestaurant.com\/en\/customer-advice\/","og_site_name":"M\u00e2y Bay Restaurant","article_publisher":"https:\/\/www.facebook.com\/maybayparis","article_modified_time":"2025-09-29T07:46:57+00:00","og_image":[{"width":1200,"height":1200,"url":"https:\/\/maybayrestaurant.com\/wp-content\/uploads\/Combos-2-Printemps-2020.jpg","type":"image\/jpeg"}],"twitter_card":"summary_large_image","schema":{"@context":"https:\/\/schema.org","@graph":[{"@type":"WebPage","@id":"https:\/\/maybayrestaurant.com\/avis-client","url":"https:\/\/maybayrestaurant.com\/avis-client","name":"Avis client | M\u00e2y Bay Restaurant","isPartOf":{"@id":"https:\/\/maybayrestaurant.com\/#website"},"primaryImageOfPage":{"@id":"https:\/\/maybayrestaurant.com\/avis-client#primaryimage"},"image":{"@id":"https:\/\/maybayrestaurant.com\/avis-client#primaryimage"},"thumbnailUrl":"https:\/\/maybayrestaurant.com\/wp-content\/uploads\/Combos-2-Printemps-2020.jpg","datePublished":"2023-02-21T13:54:05+00:00","dateModified":"2025-09-29T07:46:57+00:00","description":"Avis client commentaire May Bay Restaurant v\u00e9g\u00e9tarien vegan \u00e0 vincennes, r\u00e9server une table en direct au meilleur tarif","breadcrumb":{"@id":"https:\/\/maybayrestaurant.com\/avis-client#breadcrumb"},"inLanguage":"en-GB","potentialAction":[{"@type":"ReadAction","target":["https:\/\/maybayrestaurant.com\/avis-client"]}]},{"@type":"ImageObject","inLanguage":"en-GB","@id":"https:\/\/maybayrestaurant.com\/avis-client#primaryimage","url":"https:\/\/maybayrestaurant.com\/wp-content\/uploads\/Combos-2-Printemps-2020.jpg","contentUrl":"https:\/\/maybayrestaurant.com\/wp-content\/uploads\/Combos-2-Printemps-2020.jpg","width":1200,"height":1200},{"@type":"BreadcrumbList","@id":"https:\/\/maybayrestaurant.com\/avis-client#breadcrumb","itemListElement":[{"@type":"ListItem","position":1,"name":"Accueil","item":"https:\/\/maybayrestaurant.com\/"},{"@type":"ListItem","position":2,"name":"Avis client"}]},{"@type":"WebSite","@id":"https:\/\/maybayrestaurant.com\/#website","url":"https:\/\/maybayrestaurant.com\/","name":"M\u00e2y Bay Restaurant","description":"Cuisine Vietnamienne Chay \ud83c\udf31 Produits frais \u2022 Fait Maison \u2022 Vegan \u2022 V\u00e9g\u00e9tarien","publisher":{"@id":"https:\/\/maybayrestaurant.com\/#organization"},"alternateName":"Restaurant Vietnamien vegan vegetarien \u00e0 Vincennes","potentialAction":[{"@type":"SearchAction","target":{"@type":"EntryPoint","urlTemplate":"https:\/\/maybayrestaurant.com\/?s={search_term_string}"},"query-input":{"@type":"PropertyValueSpecification","valueRequired":true,"valueName":"search_term_string"}}],"inLanguage":"en-GB"},{"@type":"Organization","@id":"https:\/\/maybayrestaurant.com\/#organization","name":"M\u00e2y Bay Restaurant","url":"https:\/\/maybayrestaurant.com\/","logo":{"@type":"ImageObject","inLanguage":"en-GB","@id":"https:\/\/maybayrestaurant.com\/#\/schema\/logo\/image\/","url":"https:\/\/maybayrestaurant.com\/wp-content\/uploads\/LOGO-COULEUR-R-convertfont-2.ai_.png","contentUrl":"https:\/\/maybayrestaurant.com\/wp-content\/uploads\/LOGO-COULEUR-R-convertfont-2.ai_.png","width":660,"height":601,"caption":"M\u00e2y Bay Restaurant"},"image":{"@id":"https:\/\/maybayrestaurant.com\/#\/schema\/logo\/image\/"},"sameAs":["https:\/\/www.facebook.com\/maybayparis","https:\/\/www.instagram.com\/maybayparis\/"]}]}},"_links":{"self":[{"href":"https:\/\/maybayrestaurant.com\/en\/wp-json\/wp\/v2\/pages\/4849","targetHints":{"allow":["GET"]}}],"collection":[{"href":"https:\/\/maybayrestaurant.com\/en\/wp-json\/wp\/v2\/pages"}],"about":[{"href":"https:\/\/maybayrestaurant.com\/en\/wp-json\/wp\/v2\/types\/page"}],"author":[{"embeddable":true,"href":"https:\/\/maybayrestaurant.com\/en\/wp-json\/wp\/v2\/users\/1"}],"replies":[{"embeddable":true,"href":"https:\/\/maybayrestaurant.com\/en\/wp-json\/wp\/v2\/comments?post=4849"}],"version-history":[{"count":3,"href":"https:\/\/maybayrestaurant.com\/en\/wp-json\/wp\/v2\/pages\/4849\/revisions"}],"predecessor-version":[{"id":7999,"href":"https:\/\/maybayrestaurant.com\/en\/wp-json\/wp\/v2\/pages\/4849\/revisions\/7999"}],"wp:featuredmedia":[{"embeddable":true,"href":"https:\/\/maybayrestaurant.com\/en\/wp-json\/wp\/v2\/media\/4415"}],"wp:attachment":[{"href":"https:\/\/maybayrestaurant.com\/en\/wp-json\/wp\/v2\/media?parent=4849"}],"curies":[{"name":"wp","href":"https:\/\/api.w.org\/{rel}","templated":true}]}}