{"id":4890,"date":"2023-02-21T15:25:03","date_gmt":"2023-02-21T14:25:03","guid":{"rendered":"https:\/\/maybay.h-wd.fr\/?post_type=product&#038;p=4890"},"modified":"2024-06-12T14:38:00","modified_gmt":"2024-06-12T12:38:00","slug":"bon-cadeau-menu-degustation","status":"publish","type":"product","link":"https:\/\/maybayrestaurant.com\/en\/product\/gift-voucher-tasting-menu","title":{"rendered":"Gift Voucher: Tasting Menu"},"content":{"rendered":"<p>Starter + Main course + Dessert + Drink or coffee or tea<\/p>","protected":false},"excerpt":{"rendered":"<p>Starter + Main course + Dessert + Drink or coffee or tea<\/p>","protected":false},"featured_media":7624,"template":"","meta":[],"product_brand":[],"product_cat":[45,130,15],"product_tag":[],"class_list":{"0":"post-4890","1":"product","2":"type-product","3":"status-publish","4":"has-post-thumbnail","6":"product_cat-bon-cadeau","7":"product_cat-bon-cadeau-2","8":"product_cat-uncategorized","10":"first","11":"instock","12":"taxable","13":"shipping-taxable","14":"purchasable","15":"product-type-simple"},"yoast_head":"<!-- This site is optimized with the Yoast SEO plugin v27.2 - https:\/\/yoast.com\/product\/yoast-seo-wordpress\/ -->\n<title>Bon Cadeau: Menu D\u00e9gustation | M\u00e2y Bay Restaurant<\/title>\n<meta name=\"description\" content=\"Bon Cadeau: Menu D\u00e9gustation restaurant vietnamien Chay Vegan Vegetarien \u00e0 Vincennes. Commander un bon cadeau plat vietnamien\" \/>\n<meta name=\"robots\" content=\"index, follow, max-snippet:-1, max-image-preview:large, max-video-preview:-1\" \/>\n<link rel=\"canonical\" href=\"https:\/\/maybayrestaurant.com\/en\/product\/gift-voucher-tasting-menu\/\" \/>\n<meta property=\"og:locale\" content=\"en_GB\" \/>\n<meta property=\"og:type\" content=\"article\" \/>\n<meta property=\"og:title\" content=\"Bon Cadeau: Menu D\u00e9gustation | M\u00e2y Bay Restaurant\" \/>\n<meta property=\"og:description\" content=\"Bon Cadeau: Menu D\u00e9gustation restaurant vietnamien Chay Vegan Vegetarien \u00e0 Vincennes. Commander un bon cadeau plat vietnamien\" \/>\n<meta property=\"og:url\" content=\"https:\/\/maybayrestaurant.com\/en\/product\/gift-voucher-tasting-menu\/\" \/>\n<meta property=\"og:site_name\" content=\"M\u00e2y Bay Restaurant\" \/>\n<meta property=\"article:publisher\" content=\"https:\/\/www.facebook.com\/maybayparis\" \/>\n<meta property=\"article:modified_time\" content=\"2024-06-12T12:38:00+00:00\" \/>\n<meta property=\"og:image\" content=\"https:\/\/maybayrestaurant.com\/wp-content\/uploads\/bon-cadeau-1.png\" \/>\n\t<meta property=\"og:image:width\" content=\"1142\" \/>\n\t<meta property=\"og:image:height\" content=\"1103\" \/>\n\t<meta property=\"og:image:type\" content=\"image\/png\" \/>\n<meta name=\"twitter:card\" content=\"summary_large_image\" \/>\n<script type=\"application\/ld+json\" class=\"yoast-schema-graph\">{\"@context\":\"https:\/\/schema.org\",\"@graph\":[{\"@type\":\"WebPage\",\"@id\":\"https:\/\/maybayrestaurant.com\/produit\/bon-cadeau-menu-degustation\",\"url\":\"https:\/\/maybayrestaurant.com\/produit\/bon-cadeau-menu-degustation\",\"name\":\"Bon Cadeau: Menu D\u00e9gustation | M\u00e2y Bay Restaurant\",\"isPartOf\":{\"@id\":\"https:\/\/maybayrestaurant.com\/#website\"},\"primaryImageOfPage\":{\"@id\":\"https:\/\/maybayrestaurant.com\/produit\/bon-cadeau-menu-degustation#primaryimage\"},\"image\":{\"@id\":\"https:\/\/maybayrestaurant.com\/produit\/bon-cadeau-menu-degustation#primaryimage\"},\"thumbnailUrl\":\"https:\/\/maybayrestaurant.com\/wp-content\/uploads\/bon-cadeau-1.png\",\"datePublished\":\"2023-02-21T14:25:03+00:00\",\"dateModified\":\"2024-06-12T12:38:00+00:00\",\"description\":\"Bon Cadeau: Menu D\u00e9gustation restaurant vietnamien Chay Vegan Vegetarien \u00e0 Vincennes. Commander un bon cadeau plat vietnamien\",\"breadcrumb\":{\"@id\":\"https:\/\/maybayrestaurant.com\/produit\/bon-cadeau-menu-degustation#breadcrumb\"},\"inLanguage\":\"en-GB\",\"potentialAction\":[{\"@type\":\"ReadAction\",\"target\":[\"https:\/\/maybayrestaurant.com\/produit\/bon-cadeau-menu-degustation\"]}]},{\"@type\":\"ImageObject\",\"inLanguage\":\"en-GB\",\"@id\":\"https:\/\/maybayrestaurant.com\/produit\/bon-cadeau-menu-degustation#primaryimage\",\"url\":\"https:\/\/maybayrestaurant.com\/wp-content\/uploads\/bon-cadeau-1.png\",\"contentUrl\":\"https:\/\/maybayrestaurant.com\/wp-content\/uploads\/bon-cadeau-1.png\",\"width\":1142,\"height\":1103,\"caption\":\"bon cadeau May Bay restaurant vietnamien vegan chay Vincennes mifi soir plat \u00e0 emporter\"},{\"@type\":\"BreadcrumbList\",\"@id\":\"https:\/\/maybayrestaurant.com\/produit\/bon-cadeau-menu-degustation#breadcrumb\",\"itemListElement\":[{\"@type\":\"ListItem\",\"position\":1,\"name\":\"Accueil\",\"item\":\"https:\/\/maybayrestaurant.com\/\"},{\"@type\":\"ListItem\",\"position\":2,\"name\":\"Shop\",\"item\":\"https:\/\/maybayrestaurant.com\/shop-2\"},{\"@type\":\"ListItem\",\"position\":3,\"name\":\"Bon Cadeau: Menu D\u00e9gustation\"}]},{\"@type\":\"WebSite\",\"@id\":\"https:\/\/maybayrestaurant.com\/#website\",\"url\":\"https:\/\/maybayrestaurant.com\/\",\"name\":\"M\u00e2y Bay Restaurant\",\"description\":\"Cuisine Vietnamienne Chay \ud83c\udf31 Produits frais \u2022 Fait Maison \u2022 Vegan \u2022 V\u00e9g\u00e9tarien\",\"publisher\":{\"@id\":\"https:\/\/maybayrestaurant.com\/#organization\"},\"alternateName\":\"Restaurant Vietnamien vegan vegetarien \u00e0 Vincennes\",\"potentialAction\":[{\"@type\":\"SearchAction\",\"target\":{\"@type\":\"EntryPoint\",\"urlTemplate\":\"https:\/\/maybayrestaurant.com\/?s={search_term_string}\"},\"query-input\":{\"@type\":\"PropertyValueSpecification\",\"valueRequired\":true,\"valueName\":\"search_term_string\"}}],\"inLanguage\":\"en-GB\"},{\"@type\":\"Organization\",\"@id\":\"https:\/\/maybayrestaurant.com\/#organization\",\"name\":\"M\u00e2y Bay Restaurant\",\"url\":\"https:\/\/maybayrestaurant.com\/\",\"logo\":{\"@type\":\"ImageObject\",\"inLanguage\":\"en-GB\",\"@id\":\"https:\/\/maybayrestaurant.com\/#\/schema\/logo\/image\/\",\"url\":\"https:\/\/maybayrestaurant.com\/wp-content\/uploads\/LOGO-COULEUR-R-convertfont-2.ai_.png\",\"contentUrl\":\"https:\/\/maybayrestaurant.com\/wp-content\/uploads\/LOGO-COULEUR-R-convertfont-2.ai_.png\",\"width\":660,\"height\":601,\"caption\":\"M\u00e2y Bay Restaurant\"},\"image\":{\"@id\":\"https:\/\/maybayrestaurant.com\/#\/schema\/logo\/image\/\"},\"sameAs\":[\"https:\/\/www.facebook.com\/maybayparis\",\"https:\/\/www.instagram.com\/maybayparis\/\"]}]}<\/script>\n<!-- \/ Yoast SEO plugin. -->","yoast_head_json":{"title":"Bon Cadeau: Menu D\u00e9gustation | M\u00e2y Bay Restaurant","description":"Bon Cadeau: Menu D\u00e9gustation restaurant vietnamien Chay Vegan Vegetarien \u00e0 Vincennes. Commander un bon cadeau plat vietnamien","robots":{"index":"index","follow":"follow","max-snippet":"max-snippet:-1","max-image-preview":"max-image-preview:large","max-video-preview":"max-video-preview:-1"},"canonical":"https:\/\/maybayrestaurant.com\/en\/product\/gift-voucher-tasting-menu\/","og_locale":"en_GB","og_type":"article","og_title":"Bon Cadeau: Menu D\u00e9gustation | M\u00e2y Bay Restaurant","og_description":"Bon Cadeau: Menu D\u00e9gustation restaurant vietnamien Chay Vegan Vegetarien \u00e0 Vincennes. Commander un bon cadeau plat vietnamien","og_url":"https:\/\/maybayrestaurant.com\/en\/product\/gift-voucher-tasting-menu\/","og_site_name":"M\u00e2y Bay Restaurant","article_publisher":"https:\/\/www.facebook.com\/maybayparis","article_modified_time":"2024-06-12T12:38:00+00:00","og_image":[{"width":1142,"height":1103,"url":"https:\/\/maybayrestaurant.com\/wp-content\/uploads\/bon-cadeau-1.png","type":"image\/png"}],"twitter_card":"summary_large_image","schema":{"@context":"https:\/\/schema.org","@graph":[{"@type":"WebPage","@id":"https:\/\/maybayrestaurant.com\/produit\/bon-cadeau-menu-degustation","url":"https:\/\/maybayrestaurant.com\/produit\/bon-cadeau-menu-degustation","name":"Bon Cadeau: Menu D\u00e9gustation | M\u00e2y Bay Restaurant","isPartOf":{"@id":"https:\/\/maybayrestaurant.com\/#website"},"primaryImageOfPage":{"@id":"https:\/\/maybayrestaurant.com\/produit\/bon-cadeau-menu-degustation#primaryimage"},"image":{"@id":"https:\/\/maybayrestaurant.com\/produit\/bon-cadeau-menu-degustation#primaryimage"},"thumbnailUrl":"https:\/\/maybayrestaurant.com\/wp-content\/uploads\/bon-cadeau-1.png","datePublished":"2023-02-21T14:25:03+00:00","dateModified":"2024-06-12T12:38:00+00:00","description":"Bon Cadeau: Menu D\u00e9gustation restaurant vietnamien Chay Vegan Vegetarien \u00e0 Vincennes. Commander un bon cadeau plat vietnamien","breadcrumb":{"@id":"https:\/\/maybayrestaurant.com\/produit\/bon-cadeau-menu-degustation#breadcrumb"},"inLanguage":"en-GB","potentialAction":[{"@type":"ReadAction","target":["https:\/\/maybayrestaurant.com\/produit\/bon-cadeau-menu-degustation"]}]},{"@type":"ImageObject","inLanguage":"en-GB","@id":"https:\/\/maybayrestaurant.com\/produit\/bon-cadeau-menu-degustation#primaryimage","url":"https:\/\/maybayrestaurant.com\/wp-content\/uploads\/bon-cadeau-1.png","contentUrl":"https:\/\/maybayrestaurant.com\/wp-content\/uploads\/bon-cadeau-1.png","width":1142,"height":1103,"caption":"bon cadeau May Bay restaurant vietnamien vegan chay Vincennes mifi soir plat \u00e0 emporter"},{"@type":"BreadcrumbList","@id":"https:\/\/maybayrestaurant.com\/produit\/bon-cadeau-menu-degustation#breadcrumb","itemListElement":[{"@type":"ListItem","position":1,"name":"Accueil","item":"https:\/\/maybayrestaurant.com\/"},{"@type":"ListItem","position":2,"name":"Shop","item":"https:\/\/maybayrestaurant.com\/shop-2"},{"@type":"ListItem","position":3,"name":"Bon Cadeau: Menu D\u00e9gustation"}]},{"@type":"WebSite","@id":"https:\/\/maybayrestaurant.com\/#website","url":"https:\/\/maybayrestaurant.com\/","name":"M\u00e2y Bay Restaurant","description":"Cuisine Vietnamienne Chay \ud83c\udf31 Produits frais \u2022 Fait Maison \u2022 Vegan \u2022 V\u00e9g\u00e9tarien","publisher":{"@id":"https:\/\/maybayrestaurant.com\/#organization"},"alternateName":"Restaurant Vietnamien vegan vegetarien \u00e0 Vincennes","potentialAction":[{"@type":"SearchAction","target":{"@type":"EntryPoint","urlTemplate":"https:\/\/maybayrestaurant.com\/?s={search_term_string}"},"query-input":{"@type":"PropertyValueSpecification","valueRequired":true,"valueName":"search_term_string"}}],"inLanguage":"en-GB"},{"@type":"Organization","@id":"https:\/\/maybayrestaurant.com\/#organization","name":"M\u00e2y Bay Restaurant","url":"https:\/\/maybayrestaurant.com\/","logo":{"@type":"ImageObject","inLanguage":"en-GB","@id":"https:\/\/maybayrestaurant.com\/#\/schema\/logo\/image\/","url":"https:\/\/maybayrestaurant.com\/wp-content\/uploads\/LOGO-COULEUR-R-convertfont-2.ai_.png","contentUrl":"https:\/\/maybayrestaurant.com\/wp-content\/uploads\/LOGO-COULEUR-R-convertfont-2.ai_.png","width":660,"height":601,"caption":"M\u00e2y Bay Restaurant"},"image":{"@id":"https:\/\/maybayrestaurant.com\/#\/schema\/logo\/image\/"},"sameAs":["https:\/\/www.facebook.com\/maybayparis","https:\/\/www.instagram.com\/maybayparis\/"]}]}},"_links":{"self":[{"href":"https:\/\/maybayrestaurant.com\/en\/wp-json\/wp\/v2\/product\/4890","targetHints":{"allow":["GET"]}}],"collection":[{"href":"https:\/\/maybayrestaurant.com\/en\/wp-json\/wp\/v2\/product"}],"about":[{"href":"https:\/\/maybayrestaurant.com\/en\/wp-json\/wp\/v2\/types\/product"}],"wp:featuredmedia":[{"embeddable":true,"href":"https:\/\/maybayrestaurant.com\/en\/wp-json\/wp\/v2\/media\/7624"}],"wp:attachment":[{"href":"https:\/\/maybayrestaurant.com\/en\/wp-json\/wp\/v2\/media?parent=4890"}],"wp:term":[{"taxonomy":"product_brand","embeddable":true,"href":"https:\/\/maybayrestaurant.com\/en\/wp-json\/wp\/v2\/product_brand?post=4890"},{"taxonomy":"product_cat","embeddable":true,"href":"https:\/\/maybayrestaurant.com\/en\/wp-json\/wp\/v2\/product_cat?post=4890"},{"taxonomy":"product_tag","embeddable":true,"href":"https:\/\/maybayrestaurant.com\/en\/wp-json\/wp\/v2\/product_tag?post=4890"}],"curies":[{"name":"wp","href":"https:\/\/api.w.org\/{rel}","templated":true}]}}