{"id":7382,"date":"2024-06-04T15:22:12","date_gmt":"2024-06-04T13:22:12","guid":{"rendered":"https:\/\/maybayrestaurant.com\/?post_type=product&#038;p=7382"},"modified":"2024-06-04T15:22:33","modified_gmt":"2024-06-04T13:22:33","slug":"delice-de-may-bay-soupe-maison-au-sate-bouillon-de-legumes-pates-de-riz-tofu-shitake","status":"publish","type":"product","link":"https:\/\/maybayrestaurant.com\/en\/product\/may-bay-delice-homemade-sate-soup-vegetable-broth-rice-pasta-tofu-shitake","title":{"rendered":"D\u00e9lice de M\u00e2y Bay - Home-made satay soup: vegetable broth, rice noodles, tofu, shitak\u00e9"},"content":{"rendered":"<p>[wpseo_address oneline=\"1\u2033 show_state=\"0\u2033 show_country=\"0\u2033 show_phone=\"1\u2033 show_phone_2=\"0\u2033 show_fax=\"0\u2033 show_email=\"0\u2033 show_logo=\"1\u2033 comment=\"Collect at takeaway times.\"]<\/p>\n<p>[wpseo_opening_hours show_days=\"sunday,monday,tuesday,wednesday,thursday,friday,saturday \" comment=\"Takeaway available at these times. You must choose the time before paying on the form\"]<\/p>\n<p>&nbsp;<\/p>","protected":false},"excerpt":{"rendered":"<p>Bananas with coconut milk and peanuts<\/p>","protected":false},"featured_media":7252,"template":"","meta":[],"product_brand":[],"product_cat":[32,15],"product_tag":[35],"class_list":{"0":"post-7382","1":"product","2":"type-product","3":"status-publish","4":"has-post-thumbnail","6":"product_cat-02-plats","7":"product_cat-uncategorized","8":"product_tag-bananes-au-lait-de-coco-et-cacahuetes","10":"first","11":"instock","12":"taxable","13":"shipping-taxable","14":"purchasable","15":"product-type-simple"},"yoast_head":"<!-- This site is optimized with the Yoast SEO plugin v27.2 - https:\/\/yoast.com\/product\/yoast-seo-wordpress\/ -->\n<title>D\u00e9lice de M\u00e2y Bay - Soupe maison au sat\u00e9 : bouillon de l\u00e9gumes, p\u00e2tes de riz, tofu, shitak\u00e9 | M\u00e2y Bay Restaurant<\/title>\n<meta name=\"description\" content=\"Marmite M\u00e2y Bay \u00e0 Vincennes 33 rue des laiti\u00e8res. Commandez sur le site internet et venez chercher votre commande.\" \/>\n<meta name=\"robots\" content=\"index, follow, max-snippet:-1, max-image-preview:large, max-video-preview:-1\" \/>\n<link rel=\"canonical\" href=\"https:\/\/maybayrestaurant.com\/en\/product\/may-bay-delice-homemade-sate-soup-vegetable-broth-rice-pasta-tofu-shitake\/\" \/>\n<meta property=\"og:locale\" content=\"en_GB\" \/>\n<meta property=\"og:type\" content=\"article\" \/>\n<meta property=\"og:title\" content=\"D\u00e9lice de M\u00e2y Bay - Soupe maison au sat\u00e9 : bouillon de l\u00e9gumes, p\u00e2tes de riz, tofu, shitak\u00e9 | M\u00e2y Bay Restaurant\" \/>\n<meta property=\"og:description\" content=\"Marmite M\u00e2y Bay \u00e0 Vincennes 33 rue des laiti\u00e8res. Commandez sur le site internet et venez chercher votre commande.\" \/>\n<meta property=\"og:url\" content=\"https:\/\/maybayrestaurant.com\/en\/product\/may-bay-delice-homemade-sate-soup-vegetable-broth-rice-pasta-tofu-shitake\/\" \/>\n<meta property=\"og:site_name\" content=\"M\u00e2y Bay Restaurant\" \/>\n<meta property=\"article:publisher\" content=\"https:\/\/www.facebook.com\/maybayparis\" \/>\n<meta property=\"article:modified_time\" content=\"2024-06-04T13:22:33+00:00\" \/>\n<meta property=\"og:image\" content=\"https:\/\/maybayrestaurant.com\/wp-content\/uploads\/3-plat-1.jpg\" \/>\n\t<meta property=\"og:image:width\" content=\"2300\" \/>\n\t<meta property=\"og:image:height\" content=\"1533\" \/>\n\t<meta property=\"og:image:type\" content=\"image\/jpeg\" \/>\n<meta name=\"twitter:card\" content=\"summary_large_image\" \/>\n<script type=\"application\/ld+json\" class=\"yoast-schema-graph\">{\"@context\":\"https:\/\/schema.org\",\"@graph\":[{\"@type\":\"WebPage\",\"@id\":\"https:\/\/maybayrestaurant.com\/produit\/delice-de-may-bay-soupe-maison-au-sate-bouillon-de-legumes-pates-de-riz-tofu-shitake\",\"url\":\"https:\/\/maybayrestaurant.com\/produit\/delice-de-may-bay-soupe-maison-au-sate-bouillon-de-legumes-pates-de-riz-tofu-shitake\",\"name\":\"D\u00e9lice de M\u00e2y Bay - Soupe maison au sat\u00e9 : bouillon de l\u00e9gumes, p\u00e2tes de riz, tofu, shitak\u00e9 | M\u00e2y Bay Restaurant\",\"isPartOf\":{\"@id\":\"https:\/\/maybayrestaurant.com\/#website\"},\"primaryImageOfPage\":{\"@id\":\"https:\/\/maybayrestaurant.com\/produit\/delice-de-may-bay-soupe-maison-au-sate-bouillon-de-legumes-pates-de-riz-tofu-shitake#primaryimage\"},\"image\":{\"@id\":\"https:\/\/maybayrestaurant.com\/produit\/delice-de-may-bay-soupe-maison-au-sate-bouillon-de-legumes-pates-de-riz-tofu-shitake#primaryimage\"},\"thumbnailUrl\":\"https:\/\/maybayrestaurant.com\/wp-content\/uploads\/3-plat-1.jpg\",\"datePublished\":\"2024-06-04T13:22:12+00:00\",\"dateModified\":\"2024-06-04T13:22:33+00:00\",\"description\":\"Marmite M\u00e2y Bay \u00e0 Vincennes 33 rue des laiti\u00e8res. Commandez sur le site internet et venez chercher votre commande.\",\"breadcrumb\":{\"@id\":\"https:\/\/maybayrestaurant.com\/produit\/delice-de-may-bay-soupe-maison-au-sate-bouillon-de-legumes-pates-de-riz-tofu-shitake#breadcrumb\"},\"inLanguage\":\"en-GB\",\"potentialAction\":[{\"@type\":\"ReadAction\",\"target\":[\"https:\/\/maybayrestaurant.com\/produit\/delice-de-may-bay-soupe-maison-au-sate-bouillon-de-legumes-pates-de-riz-tofu-shitake\"]}]},{\"@type\":\"ImageObject\",\"inLanguage\":\"en-GB\",\"@id\":\"https:\/\/maybayrestaurant.com\/produit\/delice-de-may-bay-soupe-maison-au-sate-bouillon-de-legumes-pates-de-riz-tofu-shitake#primaryimage\",\"url\":\"https:\/\/maybayrestaurant.com\/wp-content\/uploads\/3-plat-1.jpg\",\"contentUrl\":\"https:\/\/maybayrestaurant.com\/wp-content\/uploads\/3-plat-1.jpg\",\"width\":2300,\"height\":1533,\"caption\":\"soupe Legumes May Bay restaurant vietnamien vegan chay Vincennes mifi soir plat \u00e0 emporter\"},{\"@type\":\"BreadcrumbList\",\"@id\":\"https:\/\/maybayrestaurant.com\/produit\/delice-de-may-bay-soupe-maison-au-sate-bouillon-de-legumes-pates-de-riz-tofu-shitake#breadcrumb\",\"itemListElement\":[{\"@type\":\"ListItem\",\"position\":1,\"name\":\"Accueil\",\"item\":\"https:\/\/maybayrestaurant.com\/\"},{\"@type\":\"ListItem\",\"position\":2,\"name\":\"Shop\",\"item\":\"https:\/\/maybayrestaurant.com\/shop-2\"},{\"@type\":\"ListItem\",\"position\":3,\"name\":\"D\u00e9lice de M\u00e2y Bay &#8211; Soupe maison au sat\u00e9 : bouillon de l\u00e9gumes, p\u00e2tes de riz, tofu, shitak\u00e9\"}]},{\"@type\":\"WebSite\",\"@id\":\"https:\/\/maybayrestaurant.com\/#website\",\"url\":\"https:\/\/maybayrestaurant.com\/\",\"name\":\"M\u00e2y Bay Restaurant\",\"description\":\"Cuisine Vietnamienne Chay \ud83c\udf31 Produits frais \u2022 Fait Maison \u2022 Vegan \u2022 V\u00e9g\u00e9tarien\",\"publisher\":{\"@id\":\"https:\/\/maybayrestaurant.com\/#organization\"},\"alternateName\":\"Restaurant Vietnamien vegan vegetarien \u00e0 Vincennes\",\"potentialAction\":[{\"@type\":\"SearchAction\",\"target\":{\"@type\":\"EntryPoint\",\"urlTemplate\":\"https:\/\/maybayrestaurant.com\/?s={search_term_string}\"},\"query-input\":{\"@type\":\"PropertyValueSpecification\",\"valueRequired\":true,\"valueName\":\"search_term_string\"}}],\"inLanguage\":\"en-GB\"},{\"@type\":\"Organization\",\"@id\":\"https:\/\/maybayrestaurant.com\/#organization\",\"name\":\"M\u00e2y Bay Restaurant\",\"url\":\"https:\/\/maybayrestaurant.com\/\",\"logo\":{\"@type\":\"ImageObject\",\"inLanguage\":\"en-GB\",\"@id\":\"https:\/\/maybayrestaurant.com\/#\/schema\/logo\/image\/\",\"url\":\"https:\/\/maybayrestaurant.com\/wp-content\/uploads\/LOGO-COULEUR-R-convertfont-2.ai_.png\",\"contentUrl\":\"https:\/\/maybayrestaurant.com\/wp-content\/uploads\/LOGO-COULEUR-R-convertfont-2.ai_.png\",\"width\":660,\"height\":601,\"caption\":\"M\u00e2y Bay Restaurant\"},\"image\":{\"@id\":\"https:\/\/maybayrestaurant.com\/#\/schema\/logo\/image\/\"},\"sameAs\":[\"https:\/\/www.facebook.com\/maybayparis\",\"https:\/\/www.instagram.com\/maybayparis\/\"]}]}<\/script>\n<!-- \/ Yoast SEO plugin. -->","yoast_head_json":{"title":"D\u00e9lice de M\u00e2y Bay - Soupe maison au sat\u00e9 : bouillon de l\u00e9gumes, p\u00e2tes de riz, tofu, shitak\u00e9 | M\u00e2y Bay Restaurant","description":"Marmite M\u00e2y Bay \u00e0 Vincennes 33 rue des laiti\u00e8res. Commandez sur le site internet et venez chercher votre commande.","robots":{"index":"index","follow":"follow","max-snippet":"max-snippet:-1","max-image-preview":"max-image-preview:large","max-video-preview":"max-video-preview:-1"},"canonical":"https:\/\/maybayrestaurant.com\/en\/product\/may-bay-delice-homemade-sate-soup-vegetable-broth-rice-pasta-tofu-shitake\/","og_locale":"en_GB","og_type":"article","og_title":"D\u00e9lice de M\u00e2y Bay - Soupe maison au sat\u00e9 : bouillon de l\u00e9gumes, p\u00e2tes de riz, tofu, shitak\u00e9 | M\u00e2y Bay Restaurant","og_description":"Marmite M\u00e2y Bay \u00e0 Vincennes 33 rue des laiti\u00e8res. Commandez sur le site internet et venez chercher votre commande.","og_url":"https:\/\/maybayrestaurant.com\/en\/product\/may-bay-delice-homemade-sate-soup-vegetable-broth-rice-pasta-tofu-shitake\/","og_site_name":"M\u00e2y Bay Restaurant","article_publisher":"https:\/\/www.facebook.com\/maybayparis","article_modified_time":"2024-06-04T13:22:33+00:00","og_image":[{"width":2300,"height":1533,"url":"https:\/\/maybayrestaurant.com\/wp-content\/uploads\/3-plat-1.jpg","type":"image\/jpeg"}],"twitter_card":"summary_large_image","schema":{"@context":"https:\/\/schema.org","@graph":[{"@type":"WebPage","@id":"https:\/\/maybayrestaurant.com\/produit\/delice-de-may-bay-soupe-maison-au-sate-bouillon-de-legumes-pates-de-riz-tofu-shitake","url":"https:\/\/maybayrestaurant.com\/produit\/delice-de-may-bay-soupe-maison-au-sate-bouillon-de-legumes-pates-de-riz-tofu-shitake","name":"D\u00e9lice de M\u00e2y Bay - Soupe maison au sat\u00e9 : bouillon de l\u00e9gumes, p\u00e2tes de riz, tofu, shitak\u00e9 | M\u00e2y Bay Restaurant","isPartOf":{"@id":"https:\/\/maybayrestaurant.com\/#website"},"primaryImageOfPage":{"@id":"https:\/\/maybayrestaurant.com\/produit\/delice-de-may-bay-soupe-maison-au-sate-bouillon-de-legumes-pates-de-riz-tofu-shitake#primaryimage"},"image":{"@id":"https:\/\/maybayrestaurant.com\/produit\/delice-de-may-bay-soupe-maison-au-sate-bouillon-de-legumes-pates-de-riz-tofu-shitake#primaryimage"},"thumbnailUrl":"https:\/\/maybayrestaurant.com\/wp-content\/uploads\/3-plat-1.jpg","datePublished":"2024-06-04T13:22:12+00:00","dateModified":"2024-06-04T13:22:33+00:00","description":"Marmite M\u00e2y Bay \u00e0 Vincennes 33 rue des laiti\u00e8res. Commandez sur le site internet et venez chercher votre commande.","breadcrumb":{"@id":"https:\/\/maybayrestaurant.com\/produit\/delice-de-may-bay-soupe-maison-au-sate-bouillon-de-legumes-pates-de-riz-tofu-shitake#breadcrumb"},"inLanguage":"en-GB","potentialAction":[{"@type":"ReadAction","target":["https:\/\/maybayrestaurant.com\/produit\/delice-de-may-bay-soupe-maison-au-sate-bouillon-de-legumes-pates-de-riz-tofu-shitake"]}]},{"@type":"ImageObject","inLanguage":"en-GB","@id":"https:\/\/maybayrestaurant.com\/produit\/delice-de-may-bay-soupe-maison-au-sate-bouillon-de-legumes-pates-de-riz-tofu-shitake#primaryimage","url":"https:\/\/maybayrestaurant.com\/wp-content\/uploads\/3-plat-1.jpg","contentUrl":"https:\/\/maybayrestaurant.com\/wp-content\/uploads\/3-plat-1.jpg","width":2300,"height":1533,"caption":"soupe Legumes May Bay restaurant vietnamien vegan chay Vincennes mifi soir plat \u00e0 emporter"},{"@type":"BreadcrumbList","@id":"https:\/\/maybayrestaurant.com\/produit\/delice-de-may-bay-soupe-maison-au-sate-bouillon-de-legumes-pates-de-riz-tofu-shitake#breadcrumb","itemListElement":[{"@type":"ListItem","position":1,"name":"Accueil","item":"https:\/\/maybayrestaurant.com\/"},{"@type":"ListItem","position":2,"name":"Shop","item":"https:\/\/maybayrestaurant.com\/shop-2"},{"@type":"ListItem","position":3,"name":"D\u00e9lice de M\u00e2y Bay &#8211; Soupe maison au sat\u00e9 : bouillon de l\u00e9gumes, p\u00e2tes de riz, tofu, shitak\u00e9"}]},{"@type":"WebSite","@id":"https:\/\/maybayrestaurant.com\/#website","url":"https:\/\/maybayrestaurant.com\/","name":"M\u00e2y Bay Restaurant","description":"Cuisine Vietnamienne Chay \ud83c\udf31 Produits frais \u2022 Fait Maison \u2022 Vegan \u2022 V\u00e9g\u00e9tarien","publisher":{"@id":"https:\/\/maybayrestaurant.com\/#organization"},"alternateName":"Restaurant Vietnamien vegan vegetarien \u00e0 Vincennes","potentialAction":[{"@type":"SearchAction","target":{"@type":"EntryPoint","urlTemplate":"https:\/\/maybayrestaurant.com\/?s={search_term_string}"},"query-input":{"@type":"PropertyValueSpecification","valueRequired":true,"valueName":"search_term_string"}}],"inLanguage":"en-GB"},{"@type":"Organization","@id":"https:\/\/maybayrestaurant.com\/#organization","name":"M\u00e2y Bay Restaurant","url":"https:\/\/maybayrestaurant.com\/","logo":{"@type":"ImageObject","inLanguage":"en-GB","@id":"https:\/\/maybayrestaurant.com\/#\/schema\/logo\/image\/","url":"https:\/\/maybayrestaurant.com\/wp-content\/uploads\/LOGO-COULEUR-R-convertfont-2.ai_.png","contentUrl":"https:\/\/maybayrestaurant.com\/wp-content\/uploads\/LOGO-COULEUR-R-convertfont-2.ai_.png","width":660,"height":601,"caption":"M\u00e2y Bay Restaurant"},"image":{"@id":"https:\/\/maybayrestaurant.com\/#\/schema\/logo\/image\/"},"sameAs":["https:\/\/www.facebook.com\/maybayparis","https:\/\/www.instagram.com\/maybayparis\/"]}]}},"_links":{"self":[{"href":"https:\/\/maybayrestaurant.com\/en\/wp-json\/wp\/v2\/product\/7382","targetHints":{"allow":["GET"]}}],"collection":[{"href":"https:\/\/maybayrestaurant.com\/en\/wp-json\/wp\/v2\/product"}],"about":[{"href":"https:\/\/maybayrestaurant.com\/en\/wp-json\/wp\/v2\/types\/product"}],"wp:featuredmedia":[{"embeddable":true,"href":"https:\/\/maybayrestaurant.com\/en\/wp-json\/wp\/v2\/media\/7252"}],"wp:attachment":[{"href":"https:\/\/maybayrestaurant.com\/en\/wp-json\/wp\/v2\/media?parent=7382"}],"wp:term":[{"taxonomy":"product_brand","embeddable":true,"href":"https:\/\/maybayrestaurant.com\/en\/wp-json\/wp\/v2\/product_brand?post=7382"},{"taxonomy":"product_cat","embeddable":true,"href":"https:\/\/maybayrestaurant.com\/en\/wp-json\/wp\/v2\/product_cat?post=7382"},{"taxonomy":"product_tag","embeddable":true,"href":"https:\/\/maybayrestaurant.com\/en\/wp-json\/wp\/v2\/product_tag?post=7382"}],"curies":[{"name":"wp","href":"https:\/\/api.w.org\/{rel}","templated":true}]}}